{"id":268,"date":"2025-10-17T10:54:51","date_gmt":"2025-10-17T08:54:51","guid":{"rendered":"https:\/\/3dad.vdizains.com\/calculator\/"},"modified":"2025-12-12T14:47:21","modified_gmt":"2025-12-12T12:47:21","slug":"calculator","status":"publish","type":"page","link":"https:\/\/3dadstudio.com\/en\/calculator\/","title":{"rendered":"Calculator"},"content":{"rendered":"\n<div id=\"calculator-container\" class=\"construction-calculator\">\n    <!-- Loading Overlay -->\n    <div class=\"calculator-loading\">\n        <div class=\"spinner\"><\/div>\n        <span>Loading...<\/span>\n    <\/div>\n\n    <!-- Intro Screen -->\n    <div class=\"calculator-intro\">\n        <div class=\"intro-content\">\n            <div class=\"intro-text\"><\/div>\n            <div class=\"intro-buttons\">\n                <button type=\"button\" class=\"btn btn-primary btn-start-calculator\">Start calculation<\/button>\n                <button type=\"button\" class=\"btn btn-success btn-intro-consultation\">Sign up for a consultation<\/button>\n            <\/div>\n        <\/div>\n    <\/div>\n\n    <!-- Header -->\n    <div class=\"calculator-header\" style=\"display: none;\">\n        <h2>Cost calculator<\/h2>\n        <div class=\"progress-bar\">\n            <div class=\"progress-fill\" style=\"width: 0%;\"><\/div>\n        <\/div>\n        <div class=\"progress-text\">\n            Step            <span class=\"step-current\">1<\/span> \/ <span class=\"step-total\">1<\/span>\n        <\/div>\n    <\/div>\n\n    <!-- Main Content -->\n    <div class=\"calculator-body\" style=\"display: none;\">\n        <!-- Questions Section -->\n        <div class=\"calculator-questions\">\n            <div class=\"question-wrapper\">\n                <h3 class=\"question-title\"><\/h3>\n                <div class=\"options-container\"><\/div>\n            <\/div>\n        <\/div>\n\n        <!-- Results Section -->\n        <div class=\"price-display\">\n            <div class=\"price-display-header\" style=\"display: none;\">\n                <p class=\"price-display-intro\">Balstoties uz standarta tirgus m2 cen\u0101m, b\u016bvdarbi izmaksas ir:<\/p>\n                <div class=\"price-display-box\">\n                    <span class=\"price-box-text\">no <span class=\"price-box-min\">-<\/span> l\u012bdz <span class=\"price-box-max\">-<\/span><\/span>\n                <\/div>\n                <h3><span class=\"accent-text\">B\u016bvprojekta<\/span> izstr\u0101des izmaksas apr\u0113\u0137ina rezult\u0101ti:<\/h3>\n            <\/div>\n            <div class=\"price-display-content\">\n                <!-- Contact message for N\/A -->\n                                <div class=\"contact-message\" style=\"display: none;\">\n                    Contact us: <a href=\"tel:+37129123456\">+371 29123456<\/a>\n                <\/div>\n\n                <!-- Range visualization -->\n                <div class=\"range-visualization\" style=\"display: none;\">\n                    <!-- Labels row with accordion -->\n                    <div class=\"range-labels-row\">\n                        <div class=\"range-label-item range-label-1\">\n                            <div class=\"range-label-header\">\n                                <div class=\"range-label-row\">\n                                    <span class=\"range-label-base\"><span class=\"header-a-min\">-<\/span> - <span class=\"header-a-max\">-<\/span> eur\/m2:<\/span>\n                                    <span class=\"range-label-toggle\"><\/span>\n                                <\/div>\n                                <div class=\"range-label-row\">\n                                    <span class=\"range-label-values\"><span class=\"range-min-1\"><\/span> - <span class=\"range-max-1\"><\/span><\/span>\n                                <\/div>\n                            <\/div>\n                            <div class=\"range-label-details\">\n                                <div class=\"calc-formula\">Calculation formula: <code>m\u00b2 \u00d7 A \u00d7 K<\/code><\/div>\n                                <div class=\"calc-breakdown\">\n                                    <div class=\"calc-row\">\n                                        <span class=\"calc-label\">Area<\/span>\n                                        <span class=\"calc-value calc-m2\">-<\/span>\n                                    <\/div>\n                                    <div class=\"calc-row\">\n                                        <span class=\"calc-label\">Base rate (A):<\/span>\n                                        <span class=\"calc-value calc-a-values\">-<\/span>\n                                    <\/div>\n                                    <div class=\"calc-section-title\">Coefficients:<\/div>\n                                    <div class=\"calc-row calc-k-row\">\n                                        <span class=\"calc-label calc-k-label\">K1 (area):<\/span>\n                                        <span class=\"calc-value calc-k1-a\">-<\/span>\n                                    <\/div>\n                                    <div class=\"calc-row calc-k-row\">\n                                        <span class=\"calc-label calc-k-label\">K2 (type of use):<\/span>\n                                        <span class=\"calc-value calc-k2-a\">-<\/span>\n                                    <\/div>\n                                    <div class=\"calc-row calc-k-row\">\n                                        <span class=\"calc-label calc-k-label\">K3 (quality level):<\/span>\n                                        <span class=\"calc-value calc-k3-a\">-<\/span>\n                                    <\/div>\n                                    <div class=\"calc-row calc-k-row\">\n                                        <span class=\"calc-label calc-k-label\">K4 (specific requirements):<\/span>\n                                        <span class=\"calc-value calc-k4-a\">-<\/span>\n                                    <\/div>\n                                    <div class=\"calc-row calc-k-row\">\n                                        <span class=\"calc-label calc-k-label\">K5 (development deadlines):<\/span>\n                                        <span class=\"calc-value calc-k5-a\">-<\/span>\n                                    <\/div>\n                                    <div class=\"calc-row calc-k-total\">\n                                        <span class=\"calc-label\">Total K:<\/span>\n                                        <span class=\"calc-value calc-total-ka\">-<\/span>\n                                    <\/div>\n                                    <div class=\"calc-row calc-result\">\n                                        <span class=\"calc-label\">Result:<\/span>\n                                        <span class=\"calc-value calc-result-1\">-<\/span>\n                                    <\/div>\n                                <\/div>\n                            <\/div>\n                        <\/div>\n                        <div class=\"range-label-item range-label-2\">\n                            <div class=\"range-label-header\">\n                                <div class=\"range-label-row\">\n                                    <span class=\"range-label-base\"><span class=\"header-b-min\">-<\/span> - <span class=\"header-b-max\">-<\/span> % no b\u016bvdarbu izmaks\u0101m:<\/span>\n                                    <span class=\"range-label-toggle\"><\/span>\n                                <\/div>\n                                <div class=\"range-label-row\">\n                                    <span class=\"range-label-values\"><span class=\"range-min-2\"><\/span> - <span class=\"range-max-2\"><\/span><\/span>\n                                <\/div>\n                            <\/div>\n                            <div class=\"range-label-details\">\n                                <div class=\"calc-formula\">Calculation formula: <code>m\u00b2 \u00d7 (B\/100) \u00d7 K \u00d7 C<\/code><\/div>\n                                <div class=\"calc-breakdown\">\n                                    <div class=\"calc-row\">\n                                        <span class=\"calc-label\">Area<\/span>\n                                        <span class=\"calc-value calc-m2\">-<\/span>\n                                    <\/div>\n                                    <div class=\"calc-row\">\n                                        <span class=\"calc-label\">Construction % (B):<\/span>\n                                        <span class=\"calc-value calc-b-values\">-<\/span>\n                                    <\/div>\n                                    <div class=\"calc-row\">\n                                        <span class=\"calc-label\">Construction cost base (C):<\/span>\n                                        <span class=\"calc-value calc-c-values\">-<\/span>\n                                    <\/div>\n                                    <div class=\"calc-section-title\">Coefficients:<\/div>\n                                    <div class=\"calc-row calc-k-row\">\n                                        <span class=\"calc-label calc-k-label\">K1 (area):<\/span>\n                                        <span class=\"calc-value calc-k1-b\">-<\/span>\n                                    <\/div>\n                                    <div class=\"calc-row calc-k-row\">\n                                        <span class=\"calc-label calc-k-label\">K2 (type of use):<\/span>\n                                        <span class=\"calc-value calc-k2-b\">-<\/span>\n                                    <\/div>\n                                    <div class=\"calc-row calc-k-row\">\n                                        <span class=\"calc-label calc-k-label\">K3 (quality level):<\/span>\n                                        <span class=\"calc-value calc-k3-b\">-<\/span>\n                                    <\/div>\n                                    <div class=\"calc-row calc-k-row\">\n                                        <span class=\"calc-label calc-k-label\">K4 (specific requirements):<\/span>\n                                        <span class=\"calc-value calc-k4-b\">-<\/span>\n                                    <\/div>\n                                    <div class=\"calc-row calc-k-row\">\n                                        <span class=\"calc-label calc-k-label\">K5 (development deadlines):<\/span>\n                                        <span class=\"calc-value calc-k5-b\">-<\/span>\n                                    <\/div>\n                                    <div class=\"calc-row calc-k-total\">\n                                        <span class=\"calc-label\">Total K:<\/span>\n                                        <span class=\"calc-value calc-total-kb\">-<\/span>\n                                    <\/div>\n                                    <div class=\"calc-row calc-result\">\n                                        <span class=\"calc-label\">Result:<\/span>\n                                        <span class=\"calc-value calc-result-2\">-<\/span>\n                                    <\/div>\n                                <\/div>\n                            <\/div>\n                        <\/div>\n                    <\/div>\n\n                    <!-- Combined track with both bars -->\n                    <div class=\"range-track\">\n                        <div class=\"range-track-bg\"><\/div>\n                        <div class=\"range-bar range-bar-1\"><\/div>\n                        <div class=\"range-bar range-bar-2\"><\/div>\n                        <div class=\"range-overlap\"><\/div>\n                    <\/div>\n                    <div class=\"range-scale-optimal\">\n                        <span class=\"range-scale-optimal-start\"><\/span>\n                        <span class=\"range-scale-optimal-end\"><\/span>\n                    <\/div>\n                    <div class=\"range-scale-overall\">\n                        <span class=\"range-scale-min\">0 EUR<\/span>\n                        <span class=\"range-scale-max\"><\/span>\n                    <\/div>\n\n                    <!-- Cost zones display -->\n                    <div class=\"cost-zones\">\n                        <div class=\"cost-zone cost-zone-left\">\n                            <div class=\"cost-zone-label\">Potentially cheap end<\/div>\n                            <div class=\"cost-zone-value cost-zone-value-left\"><\/div>\n                        <\/div>\n                        <div class=\"cost-zone cost-zone-center\">\n                            <div class=\"cost-zone-label\">Optimal costs<\/div>\n                            <div class=\"cost-zone-value cost-zone-value-center\"><\/div>\n                        <\/div>\n                        <div class=\"cost-zone cost-zone-right\">\n                            <div class=\"cost-zone-label\">Potentially expensive end<\/div>\n                            <div class=\"cost-zone-value cost-zone-value-right\"><\/div>\n                        <\/div>\n                    <\/div>\n                <\/div>\n\n                <!-- Fixed price display -->\n                <div class=\"fixed-price-display\" style=\"display: none;\">\n                    <div class=\"fixed-price-label\">Fixed price:<\/div>\n                    <div class=\"fixed-price-value\"><\/div>\n                <\/div>\n\n                <!-- Empty state -->\n                <div class=\"empty-state\">\n                    <p>Select an answer to see the calculation<\/p>\n                <\/div>\n\n                <!-- Q1 Next Step Guidance (only shown on first question when answer selected) -->\n                <div class=\"q1-next-guidance\" style=\"display: none;\">\n                    <p class=\"q1-guidance-text\">Click next to proceed to the second question<\/p>\n                    <button class=\"btn btn-primary btn-next-q1\">\n                        Next                    <\/button>\n                    <button class=\"btn btn-success btn-finish-q1\" style=\"display: none;\">\n                        Sign up for a consultation                    <\/button>\n                <\/div>\n\n                <!-- Answer description (shown for all result types) -->\n                <div class=\"answer-description\" style=\"display: none;\"><\/div>\n            <\/div>\n        <\/div>\n    <\/div>\n\n    <!-- Footer -->\n    <div class=\"calculator-footer\" style=\"display: none;\">\n        <button class=\"btn btn-secondary btn-prev\" disabled>\n            Back        <\/button>\n        <button class=\"btn btn-primary btn-next\" disabled>\n            Next        <\/button>\n        <button class=\"btn btn-success btn-finish\" style=\"display:none;\">\n            Sign up for a consultation        <\/button>\n        <button class=\"btn btn-reset\">\n            Start over        <\/button>\n    <\/div>\n\n    <!-- Debug Section (temporary) -->\n    <div class=\"calculator-debug\" style=\"display: none;\">\n        <div class=\"debug-header\">\n            <h4>DEBUG - Apr\u0113\u0137inu p\u0101rbaude<\/h4>\n            <small>\u0160\u012b sada\u013ca ir pagaidu un tiks no\u0146emta<\/small>\n        <\/div>\n        <div class=\"debug-content\">\n            <!-- Base Values from Q1 -->\n            <div class=\"debug-section\">\n                <div class=\"debug-section-title\">1. B\u0101zes v\u0113rt\u012bbas (no Q1 atbildes)<\/div>\n                <div class=\"debug-row\">\n                    <span class=\"debug-label\">[A] min\/max:<\/span>\n                    <span class=\"debug-value debug-a-values\">-<\/span>\n                <\/div>\n                <div class=\"debug-row\">\n                    <span class=\"debug-label\">[B] min\/max:<\/span>\n                    <span class=\"debug-value debug-b-values\">-<\/span>\n                <\/div>\n                <div class=\"debug-row\">\n                    <span class=\"debug-label\">[C] min\/max:<\/span>\n                    <span class=\"debug-value debug-c-values\">-<\/span>\n                <\/div>\n            <\/div>\n\n            <!-- m\u00b2 and K1 -->\n            <div class=\"debug-section\">\n                <div class=\"debug-section-title\">2. Plat\u012bba un K1 koeficients<\/div>\n                <div class=\"debug-row\">\n                    <span class=\"debug-label\">m\u00b2 (ievad\u012bts):<\/span>\n                    <span class=\"debug-value debug-m2\">-<\/span>\n                <\/div>\n                <div class=\"debug-row\">\n                    <span class=\"debug-label\">[K1-A] (no m\u00b2 diapazona):<\/span>\n                    <span class=\"debug-value debug-k1-a\">-<\/span>\n                <\/div>\n                <div class=\"debug-row\">\n                    <span class=\"debug-label\">[K1-B] (no m\u00b2 diapazona):<\/span>\n                    <span class=\"debug-value debug-k1-b\">-<\/span>\n                <\/div>\n            <\/div>\n\n            <!-- K2-K5 Multipliers -->\n            <div class=\"debug-section\">\n                <div class=\"debug-section-title\">3. Reizin\u0101t\u0101ji no Q3-Q6<\/div>\n                <div class=\"debug-row\">\n                    <span class=\"debug-label\">[K2-A] \/ [K2-B]:<\/span>\n                    <span class=\"debug-value debug-k2\">-<\/span>\n                <\/div>\n                <div class=\"debug-row\">\n                    <span class=\"debug-label\">[K3-A] \/ [K3-B]:<\/span>\n                    <span class=\"debug-value debug-k3\">-<\/span>\n                <\/div>\n                <div class=\"debug-row\">\n                    <span class=\"debug-label\">[K4-A] \/ [K4-B]:<\/span>\n                    <span class=\"debug-value debug-k4\">-<\/span>\n                <\/div>\n                <div class=\"debug-row\">\n                    <span class=\"debug-label\">[K5-A] \/ [K5-B]:<\/span>\n                    <span class=\"debug-value debug-k5\">-<\/span>\n                <\/div>\n            <\/div>\n\n            <!-- Total Multipliers -->\n            <div class=\"debug-section\">\n                <div class=\"debug-section-title\">4. Kop\u0113jie reizin\u0101t\u0101ji<\/div>\n                <div class=\"debug-row\">\n                    <span class=\"debug-label\">Total K-A (K1\u00d7K2\u00d7K3\u00d7K4\u00d7K5):<\/span>\n                    <span class=\"debug-value debug-total-ka\">-<\/span>\n                <\/div>\n                <div class=\"debug-row\">\n                    <span class=\"debug-label\">Total K-B (K1\u00d7K2\u00d7K3\u00d7K4\u00d7K5):<\/span>\n                    <span class=\"debug-value debug-total-kb\">-<\/span>\n                <\/div>\n            <\/div>\n\n            <!-- Final Calculation -->\n            <div class=\"debug-section debug-section-result\">\n                <div class=\"debug-section-title\">5. Gala apr\u0113\u0137ins<\/div>\n                <div class=\"debug-formula\">\n                    <strong>APR\u0112\u0136INS nr1 (Projekt\u0113\u0161ana):<\/strong><br>\n                    <code>m\u00b2 \u00d7 A \u00d7 Total_K-A<\/code><br>\n                    <span class=\"debug-calc debug-calc-1\">-<\/span>\n                <\/div>\n                <div class=\"debug-formula\">\n                    <strong>APR\u0112\u0136INS nr2 (B\u016bvniec\u012bba):<\/strong><br>\n                    <code>m\u00b2 \u00d7 (B\/100) \u00d7 Total_K-B \u00d7 C<\/code><br>\n                    <span class=\"debug-calc debug-calc-2\">-<\/span>\n                <\/div>\n            <\/div>\n        <\/div>\n    <\/div>\n\n<\/div>\n\n<!-- Gravity Form Modal (outside calculator container for proper fixed positioning) -->\n<div class=\"ccc-modal\" id=\"ccc-form-modal\" style=\"display: none;\">\n    <div class=\"ccc-modal-overlay\"><\/div>\n    <div class=\"ccc-modal-container\">\n        <div class=\"ccc-modal-header\">\n            <h3>Sign up for a consultation<\/h3>\n            <button type=\"button\" class=\"ccc-modal-close\" aria-label=\"Close\">&times;<\/button>\n        <\/div>\n        <div class=\"ccc-modal-body\">\n            <div class=\"ccc-modal-loading\">\n                <div class=\"spinner\"><\/div>\n                <span>Loading form...<\/span>\n            <\/div>\n            <div class=\"ccc-modal-content\"><\/div>\n        <\/div>\n    <\/div>\n<\/div>\n\n","protected":false},"excerpt":{"rendered":"","protected":false},"author":1,"featured_media":0,"parent":0,"menu_order":0,"comment_status":"closed","ping_status":"closed","template":"","meta":{"_acf_changed":false,"footnotes":""},"class_list":["post-268","page","type-page","status-publish","hentry"],"acf":[],"yoast_head":"<!-- This site is optimized with the Yoast SEO plugin v27.2 - https:\/\/yoast.com\/product\/yoast-seo-wordpress\/ -->\n<title>Calculator - 3DAD<\/title>\n<meta name=\"robots\" content=\"index, follow, max-snippet:-1, max-image-preview:large, max-video-preview:-1\" \/>\n<link rel=\"canonical\" href=\"https:\/\/3dadstudio.com\/en\/calculator\/\" \/>\n<meta property=\"og:locale\" content=\"en_US\" \/>\n<meta property=\"og:type\" content=\"article\" \/>\n<meta property=\"og:title\" content=\"Calculator - 3DAD\" \/>\n<meta property=\"og:url\" content=\"https:\/\/3dadstudio.com\/en\/calculator\/\" \/>\n<meta property=\"og:site_name\" content=\"3DAD\" \/>\n<meta property=\"article:publisher\" content=\"https:\/\/www.facebook.com\/3DADStudio\" \/>\n<meta property=\"article:modified_time\" content=\"2025-12-12T12:47:21+00:00\" \/>\n<meta name=\"twitter:card\" content=\"summary_large_image\" \/>\n<script type=\"application\/ld+json\" class=\"yoast-schema-graph\">{\"@context\":\"https:\/\/schema.org\",\"@graph\":[{\"@type\":\"WebPage\",\"@id\":\"https:\/\/3dadstudio.com\/en\/calculator\/\",\"url\":\"https:\/\/3dadstudio.com\/en\/calculator\/\",\"name\":\"Calculator - 3DAD\",\"isPartOf\":{\"@id\":\"https:\/\/3dadstudio.com\/en\/#website\"},\"datePublished\":\"2025-10-17T08:54:51+00:00\",\"dateModified\":\"2025-12-12T12:47:21+00:00\",\"breadcrumb\":{\"@id\":\"https:\/\/3dadstudio.com\/en\/calculator\/#breadcrumb\"},\"inLanguage\":\"en-US\",\"potentialAction\":[{\"@type\":\"ReadAction\",\"target\":[\"https:\/\/3dadstudio.com\/en\/calculator\/\"]}]},{\"@type\":\"BreadcrumbList\",\"@id\":\"https:\/\/3dadstudio.com\/en\/calculator\/#breadcrumb\",\"itemListElement\":[{\"@type\":\"ListItem\",\"position\":1,\"name\":\"Home\",\"item\":\"https:\/\/3dadstudio.com\/en\/\"},{\"@type\":\"ListItem\",\"position\":2,\"name\":\"Calculator\"}]},{\"@type\":\"WebSite\",\"@id\":\"https:\/\/3dadstudio.com\/en\/#website\",\"url\":\"https:\/\/3dadstudio.com\/en\/\",\"name\":\"3DAD\",\"description\":\"Just another WordPress site\",\"publisher\":{\"@id\":\"https:\/\/3dadstudio.com\/en\/#organization\"},\"potentialAction\":[{\"@type\":\"SearchAction\",\"target\":{\"@type\":\"EntryPoint\",\"urlTemplate\":\"https:\/\/3dadstudio.com\/en\/?s={search_term_string}\"},\"query-input\":{\"@type\":\"PropertyValueSpecification\",\"valueRequired\":true,\"valueName\":\"search_term_string\"}}],\"inLanguage\":\"en-US\"},{\"@type\":\"Organization\",\"@id\":\"https:\/\/3dadstudio.com\/en\/#organization\",\"name\":\"3DAD\",\"url\":\"https:\/\/3dadstudio.com\/en\/\",\"logo\":{\"@type\":\"ImageObject\",\"inLanguage\":\"en-US\",\"@id\":\"https:\/\/3dadstudio.com\/en\/#\/schema\/logo\/image\/\",\"url\":\"https:\/\/3dadstudio.com\/wp-content\/uploads\/2025\/10\/3dad-logo-large.svg\",\"contentUrl\":\"https:\/\/3dadstudio.com\/wp-content\/uploads\/2025\/10\/3dad-logo-large.svg\",\"width\":1,\"height\":1,\"caption\":\"3DAD\"},\"image\":{\"@id\":\"https:\/\/3dadstudio.com\/en\/#\/schema\/logo\/image\/\"},\"sameAs\":[\"https:\/\/www.facebook.com\/3DADStudio\",\"https:\/\/www.instagram.com\/3d_ad_studio\/\",\"https:\/\/www.linkedin.com\/company\/3d-ad\/\"]}]}<\/script>\n<!-- \/ Yoast SEO plugin. -->","yoast_head_json":{"title":"Calculator - 3DAD","robots":{"index":"index","follow":"follow","max-snippet":"max-snippet:-1","max-image-preview":"max-image-preview:large","max-video-preview":"max-video-preview:-1"},"canonical":"https:\/\/3dadstudio.com\/en\/calculator\/","og_locale":"en_US","og_type":"article","og_title":"Calculator - 3DAD","og_url":"https:\/\/3dadstudio.com\/en\/calculator\/","og_site_name":"3DAD","article_publisher":"https:\/\/www.facebook.com\/3DADStudio","article_modified_time":"2025-12-12T12:47:21+00:00","twitter_card":"summary_large_image","schema":{"@context":"https:\/\/schema.org","@graph":[{"@type":"WebPage","@id":"https:\/\/3dadstudio.com\/en\/calculator\/","url":"https:\/\/3dadstudio.com\/en\/calculator\/","name":"Calculator - 3DAD","isPartOf":{"@id":"https:\/\/3dadstudio.com\/en\/#website"},"datePublished":"2025-10-17T08:54:51+00:00","dateModified":"2025-12-12T12:47:21+00:00","breadcrumb":{"@id":"https:\/\/3dadstudio.com\/en\/calculator\/#breadcrumb"},"inLanguage":"en-US","potentialAction":[{"@type":"ReadAction","target":["https:\/\/3dadstudio.com\/en\/calculator\/"]}]},{"@type":"BreadcrumbList","@id":"https:\/\/3dadstudio.com\/en\/calculator\/#breadcrumb","itemListElement":[{"@type":"ListItem","position":1,"name":"Home","item":"https:\/\/3dadstudio.com\/en\/"},{"@type":"ListItem","position":2,"name":"Calculator"}]},{"@type":"WebSite","@id":"https:\/\/3dadstudio.com\/en\/#website","url":"https:\/\/3dadstudio.com\/en\/","name":"3DAD","description":"Just another WordPress site","publisher":{"@id":"https:\/\/3dadstudio.com\/en\/#organization"},"potentialAction":[{"@type":"SearchAction","target":{"@type":"EntryPoint","urlTemplate":"https:\/\/3dadstudio.com\/en\/?s={search_term_string}"},"query-input":{"@type":"PropertyValueSpecification","valueRequired":true,"valueName":"search_term_string"}}],"inLanguage":"en-US"},{"@type":"Organization","@id":"https:\/\/3dadstudio.com\/en\/#organization","name":"3DAD","url":"https:\/\/3dadstudio.com\/en\/","logo":{"@type":"ImageObject","inLanguage":"en-US","@id":"https:\/\/3dadstudio.com\/en\/#\/schema\/logo\/image\/","url":"https:\/\/3dadstudio.com\/wp-content\/uploads\/2025\/10\/3dad-logo-large.svg","contentUrl":"https:\/\/3dadstudio.com\/wp-content\/uploads\/2025\/10\/3dad-logo-large.svg","width":1,"height":1,"caption":"3DAD"},"image":{"@id":"https:\/\/3dadstudio.com\/en\/#\/schema\/logo\/image\/"},"sameAs":["https:\/\/www.facebook.com\/3DADStudio","https:\/\/www.instagram.com\/3d_ad_studio\/","https:\/\/www.linkedin.com\/company\/3d-ad\/"]}]}},"_links":{"self":[{"href":"https:\/\/3dadstudio.com\/en\/wp-json\/wp\/v2\/pages\/268","targetHints":{"allow":["GET"]}}],"collection":[{"href":"https:\/\/3dadstudio.com\/en\/wp-json\/wp\/v2\/pages"}],"about":[{"href":"https:\/\/3dadstudio.com\/en\/wp-json\/wp\/v2\/types\/page"}],"author":[{"embeddable":true,"href":"https:\/\/3dadstudio.com\/en\/wp-json\/wp\/v2\/users\/1"}],"replies":[{"embeddable":true,"href":"https:\/\/3dadstudio.com\/en\/wp-json\/wp\/v2\/comments?post=268"}],"version-history":[{"count":0,"href":"https:\/\/3dadstudio.com\/en\/wp-json\/wp\/v2\/pages\/268\/revisions"}],"wp:attachment":[{"href":"https:\/\/3dadstudio.com\/en\/wp-json\/wp\/v2\/media?parent=268"}],"curies":[{"name":"wp","href":"https:\/\/api.w.org\/{rel}","templated":true}]}}